{"id":24920,"date":"2026-05-15T16:14:59","date_gmt":"2026-05-15T16:14:59","guid":{"rendered":"https:\/\/verdelago.com\/terms-condition\/"},"modified":"2026-05-15T16:20:55","modified_gmt":"2026-05-15T16:20:55","slug":"terminos-y-condiciones","status":"publish","type":"page","link":"https:\/\/verdelago.com\/es\/terminos-y-condiciones\/","title":{"rendered":"T\u00e9rminos y condiciones"},"content":{"rendered":"\n<p><strong>1. Objeto e Informaci\u00f3n General\u00a0<\/strong><\/p>\n\n\n\n<p>El contenido de este sitio web tiene como objetivo facilitar informaci\u00f3n de car\u00e1cter general sobre el Verdelago Resort, sus servicios, alojamientos e infraestructuras. Verdelago excluye su responsabilidad por cualquier da\u00f1o resultante del uso de la informaci\u00f3n contenida en este sitio web, ya que esta no constituye una propuesta contractual de prestaci\u00f3n de servicios sin la debida confirmaci\u00f3n de reserva.<\/p>\n\n\n\n<p><strong>2. Propiedad Intelectual\u00a0<\/strong><\/p>\n\n\n\n<p>Queda expresamente prohibida cualquier utilizaci\u00f3n del contenido de este sitio web (textos, im\u00e1genes, logotipos y v\u00eddeos) m\u00e1s all\u00e1 de su simple descarga y\/o almacenamiento temporal para efectos de visualizaci\u00f3n en un dispositivo personal, sin la autorizaci\u00f3n expresa, previa y por escrito de Verdelago Resort.<\/p>\n\n\n\n<p><strong>3. Pol\u00edtica de Privacidad y Cookies\u00a0<\/strong><\/p>\n\n\n\n<p>Verdelago Resort se compromete a garantizar que su privacidad est\u00e9 protegida y que cumple estrictamente con sus obligaciones en virtud del Reglamento General de Protecci\u00f3n de Datos (RGPD). Nuestra Pol\u00edtica de Privacidad y de Cookies explica c\u00f3mo trataremos cualquier informaci\u00f3n personal que nos proporcione al navegar por este sitio, as\u00ed como las medidas de seguridad adoptadas.<\/p>\n\n\n\n<p><strong>5. Informaci\u00f3n que Recopilamos y Finalidad\u00a0<\/strong><\/p>\n\n\n\n<p>Cuando interact\u00faa con nuestro sitio web (formularios de contacto o reservas), recopilamos la informaci\u00f3n que elija completar. Estos datos se utilizan para:<\/p>\n\n\n\n<ul class=\"wp-block-list\">\n<li>Procesar sus solicitudes de reserva y administrar transacciones.<\/li>\n\n\n\n<li>Desarrollar y mejorar nuestros servicios de hosteler\u00eda y ocio.<\/li>\n\n\n\n<li>Controlar estad\u00edsticamente el uso del sitio web (a trav\u00e9s de datos agregados que no lo identifican individualmente).<\/li>\n<\/ul>\n\n\n\n<p><strong>6. Uso de Cookies\u00a0<\/strong><\/p>\n\n\n\n<ol start=\"5\" class=\"wp-block-list\"><\/ol>\n\n\n\n<p>Utilizamos cookies para mejorar su experiencia. Una cookie es un peque\u00f1o archivo de texto que identifica su ordenador en nuestro servidor, pero no identifica al usuario individual.<\/p>\n\n\n\n<ul class=\"wp-block-list\">\n<li>Cookies Esenciales: Necesarias para el funcionamiento del sitio (ej. formularios).<\/li>\n\n\n\n<li>Cookies Anal\u00edticas: Nos ayudan a analizar el comportamiento de los visitantes de forma an\u00f3nima.<\/li>\n\n\n\n<li>Control: Puede configurar su navegador para bloquear o eliminar cookies a trav\u00e9s de la secci\u00f3n de &#8220;Ayuda&#8221; de su navegador.<\/li>\n<\/ul>\n\n\n\n<p><strong>7. Resoluci\u00f3n de Litigios\u00a0<\/strong><\/p>\n\n\n\n<p>En caso de litigio, el consumidor puede recurrir a la Plataforma Europea de Resoluci\u00f3n de Litigios en L\u00ednea: <a href=\"http:\/\/ec.europa.eu\/consumers\/odr\">http:\/\/ec.europa.eu\/consumers\/odr<\/a> o a las entidades de resoluci\u00f3n alternativa de litigios en Portugal indicadas en <a href=\"https:\/\/www.google.com\/search?q=http:\/\/www.consumidor.pt\">www.consumidor.pt<\/a>.<\/p>\n","protected":false},"excerpt":{"rendered":"<p>1. Objeto e Informaci\u00f3n General\u00a0 El contenido de este sitio web tiene como objetivo facilitar informaci\u00f3n de car\u00e1cter general sobre el Verdelago Resort, sus servicios, alojamientos e infraestructuras. Verdelago excluye su responsabilidad por cualquier da\u00f1o resultante del uso de la informaci\u00f3n contenida en este sitio web, ya que esta no constituye una propuesta contractual de [&hellip;]<\/p>\n","protected":false},"author":2,"featured_media":0,"parent":0,"menu_order":0,"comment_status":"closed","ping_status":"closed","template":"page-policy.php","meta":{"_acf_changed":false,"footnotes":""},"class_list":["post-24920","page","type-page","status-publish","hentry"],"acf":[],"yoast_head":"<!-- This site is optimized with the Yoast SEO plugin v27.4 - https:\/\/yoast.com\/product\/yoast-seo-wordpress\/ -->\n<title>Verdelago | T\u00e9rminos y condiciones<\/title>\n<meta name=\"robots\" content=\"index, follow, max-snippet:-1, max-image-preview:large, max-video-preview:-1\" \/>\n<link rel=\"canonical\" href=\"https:\/\/verdelago.com\/es\/terminos-y-condiciones\/\" \/>\n<meta property=\"og:locale\" content=\"es_ES\" \/>\n<meta property=\"og:type\" content=\"article\" \/>\n<meta property=\"og:title\" content=\"Verdelago | T\u00e9rminos y condiciones\" \/>\n<meta property=\"og:description\" content=\"1. Objeto e Informaci\u00f3n General\u00a0 El contenido de este sitio web tiene como objetivo facilitar informaci\u00f3n de car\u00e1cter general sobre el Verdelago Resort, sus servicios, alojamientos e infraestructuras. Verdelago excluye su responsabilidad por cualquier da\u00f1o resultante del uso de la informaci\u00f3n contenida en este sitio web, ya que esta no constituye una propuesta contractual de [&hellip;]\" \/>\n<meta property=\"og:url\" content=\"https:\/\/verdelago.com\/es\/terminos-y-condiciones\/\" \/>\n<meta property=\"og:site_name\" content=\"Verdelago\" \/>\n<meta property=\"article:modified_time\" content=\"2026-05-15T16:20:55+00:00\" \/>\n<meta name=\"twitter:card\" content=\"summary_large_image\" \/>\n<meta name=\"twitter:label1\" content=\"Est. reading time\" \/>\n\t<meta name=\"twitter:data1\" content=\"2 minutes\" \/>\n<script type=\"application\/ld+json\" class=\"yoast-schema-graph\">{\"@context\":\"https:\\\/\\\/schema.org\",\"@graph\":[{\"@type\":\"WebPage\",\"@id\":\"https:\\\/\\\/verdelago.com\\\/es\\\/terminos-y-condiciones\\\/\",\"url\":\"https:\\\/\\\/verdelago.com\\\/es\\\/terminos-y-condiciones\\\/\",\"name\":\"Verdelago | T\u00e9rminos y condiciones\",\"isPartOf\":{\"@id\":\"https:\\\/\\\/verdelago.com\\\/#website\"},\"datePublished\":\"2026-05-15T16:14:59+00:00\",\"dateModified\":\"2026-05-15T16:20:55+00:00\",\"breadcrumb\":{\"@id\":\"https:\\\/\\\/verdelago.com\\\/es\\\/terminos-y-condiciones\\\/#breadcrumb\"},\"inLanguage\":\"ES\",\"potentialAction\":[{\"@type\":\"ReadAction\",\"target\":[\"https:\\\/\\\/verdelago.com\\\/es\\\/terminos-y-condiciones\\\/\"]}]},{\"@type\":\"BreadcrumbList\",\"@id\":\"https:\\\/\\\/verdelago.com\\\/es\\\/terminos-y-condiciones\\\/#breadcrumb\",\"itemListElement\":[{\"@type\":\"ListItem\",\"position\":1,\"name\":\"Home\",\"item\":\"https:\\\/\\\/verdelago.com\\\/es\\\/\"},{\"@type\":\"ListItem\",\"position\":2,\"name\":\"T\u00e9rminos y condiciones\"}]},{\"@type\":\"WebSite\",\"@id\":\"https:\\\/\\\/verdelago.com\\\/#website\",\"url\":\"https:\\\/\\\/verdelago.com\\\/\",\"name\":\"Verdelago\",\"description\":\"Um resort de luxo onde o mar e a natureza se cruzam no sotavento algarvio. A sua nova casa na praia. Uma oportunidade \u00fanica para uma nova experi\u00eancia de vida.\",\"publisher\":{\"@id\":\"https:\\\/\\\/verdelago.com\\\/#organization\"},\"potentialAction\":[{\"@type\":\"SearchAction\",\"target\":{\"@type\":\"EntryPoint\",\"urlTemplate\":\"https:\\\/\\\/verdelago.com\\\/?s={search_term_string}\"},\"query-input\":{\"@type\":\"PropertyValueSpecification\",\"valueRequired\":true,\"valueName\":\"search_term_string\"}}],\"inLanguage\":\"ES\"},{\"@type\":\"Organization\",\"@id\":\"https:\\\/\\\/verdelago.com\\\/#organization\",\"name\":\"Verdelago\",\"url\":\"https:\\\/\\\/verdelago.com\\\/\",\"logo\":{\"@type\":\"ImageObject\",\"inLanguage\":\"ES\",\"@id\":\"https:\\\/\\\/verdelago.com\\\/#\\\/schema\\\/logo\\\/image\\\/\",\"url\":\"https:\\\/\\\/verdelago.com\\\/wp-content\\\/uploads\\\/2026\\\/02\\\/VerdeLago-Logo.png\",\"contentUrl\":\"https:\\\/\\\/verdelago.com\\\/wp-content\\\/uploads\\\/2026\\\/02\\\/VerdeLago-Logo.png\",\"width\":32,\"height\":32,\"caption\":\"Verdelago\"},\"image\":{\"@id\":\"https:\\\/\\\/verdelago.com\\\/#\\\/schema\\\/logo\\\/image\\\/\"}}]}<\/script>\n<!-- \/ Yoast SEO plugin. -->","yoast_head_json":{"title":"Verdelago | T\u00e9rminos y condiciones","robots":{"index":"index","follow":"follow","max-snippet":"max-snippet:-1","max-image-preview":"max-image-preview:large","max-video-preview":"max-video-preview:-1"},"canonical":"https:\/\/verdelago.com\/es\/terminos-y-condiciones\/","og_locale":"es_ES","og_type":"article","og_title":"Verdelago | T\u00e9rminos y condiciones","og_description":"1. Objeto e Informaci\u00f3n General\u00a0 El contenido de este sitio web tiene como objetivo facilitar informaci\u00f3n de car\u00e1cter general sobre el Verdelago Resort, sus servicios, alojamientos e infraestructuras. Verdelago excluye su responsabilidad por cualquier da\u00f1o resultante del uso de la informaci\u00f3n contenida en este sitio web, ya que esta no constituye una propuesta contractual de [&hellip;]","og_url":"https:\/\/verdelago.com\/es\/terminos-y-condiciones\/","og_site_name":"Verdelago","article_modified_time":"2026-05-15T16:20:55+00:00","twitter_card":"summary_large_image","twitter_misc":{"Est. reading time":"2 minutes"},"schema":{"@context":"https:\/\/schema.org","@graph":[{"@type":"WebPage","@id":"https:\/\/verdelago.com\/es\/terminos-y-condiciones\/","url":"https:\/\/verdelago.com\/es\/terminos-y-condiciones\/","name":"Verdelago | T\u00e9rminos y condiciones","isPartOf":{"@id":"https:\/\/verdelago.com\/#website"},"datePublished":"2026-05-15T16:14:59+00:00","dateModified":"2026-05-15T16:20:55+00:00","breadcrumb":{"@id":"https:\/\/verdelago.com\/es\/terminos-y-condiciones\/#breadcrumb"},"inLanguage":"ES","potentialAction":[{"@type":"ReadAction","target":["https:\/\/verdelago.com\/es\/terminos-y-condiciones\/"]}]},{"@type":"BreadcrumbList","@id":"https:\/\/verdelago.com\/es\/terminos-y-condiciones\/#breadcrumb","itemListElement":[{"@type":"ListItem","position":1,"name":"Home","item":"https:\/\/verdelago.com\/es\/"},{"@type":"ListItem","position":2,"name":"T\u00e9rminos y condiciones"}]},{"@type":"WebSite","@id":"https:\/\/verdelago.com\/#website","url":"https:\/\/verdelago.com\/","name":"Verdelago","description":"Um resort de luxo onde o mar e a natureza se cruzam no sotavento algarvio. A sua nova casa na praia. Uma oportunidade \u00fanica para uma nova experi\u00eancia de vida.","publisher":{"@id":"https:\/\/verdelago.com\/#organization"},"potentialAction":[{"@type":"SearchAction","target":{"@type":"EntryPoint","urlTemplate":"https:\/\/verdelago.com\/?s={search_term_string}"},"query-input":{"@type":"PropertyValueSpecification","valueRequired":true,"valueName":"search_term_string"}}],"inLanguage":"ES"},{"@type":"Organization","@id":"https:\/\/verdelago.com\/#organization","name":"Verdelago","url":"https:\/\/verdelago.com\/","logo":{"@type":"ImageObject","inLanguage":"ES","@id":"https:\/\/verdelago.com\/#\/schema\/logo\/image\/","url":"https:\/\/verdelago.com\/wp-content\/uploads\/2026\/02\/VerdeLago-Logo.png","contentUrl":"https:\/\/verdelago.com\/wp-content\/uploads\/2026\/02\/VerdeLago-Logo.png","width":32,"height":32,"caption":"Verdelago"},"image":{"@id":"https:\/\/verdelago.com\/#\/schema\/logo\/image\/"}}]}},"_links":{"self":[{"href":"https:\/\/verdelago.com\/es\/wp-json\/wp\/v2\/pages\/24920","targetHints":{"allow":["GET"]}}],"collection":[{"href":"https:\/\/verdelago.com\/es\/wp-json\/wp\/v2\/pages"}],"about":[{"href":"https:\/\/verdelago.com\/es\/wp-json\/wp\/v2\/types\/page"}],"author":[{"embeddable":true,"href":"https:\/\/verdelago.com\/es\/wp-json\/wp\/v2\/users\/2"}],"replies":[{"embeddable":true,"href":"https:\/\/verdelago.com\/es\/wp-json\/wp\/v2\/comments?post=24920"}],"version-history":[{"count":2,"href":"https:\/\/verdelago.com\/es\/wp-json\/wp\/v2\/pages\/24920\/revisions"}],"predecessor-version":[{"id":24924,"href":"https:\/\/verdelago.com\/es\/wp-json\/wp\/v2\/pages\/24920\/revisions\/24924"}],"wp:attachment":[{"href":"https:\/\/verdelago.com\/es\/wp-json\/wp\/v2\/media?parent=24920"}],"curies":[{"name":"wp","href":"https:\/\/api.w.org\/{rel}","templated":true}]}}