{"id":4211,"date":"2026-01-13T11:11:53","date_gmt":"2026-01-13T11:11:53","guid":{"rendered":"https:\/\/verdelago.preprod.pt\/politica-de-privacidad\/"},"modified":"2026-01-28T12:09:59","modified_gmt":"2026-01-28T12:09:59","slug":"politica-de-privacidad","status":"publish","type":"page","link":"https:\/\/verdelago.com\/es\/politica-de-privacidad\/","title":{"rendered":"Pol\u00edtica de privacidad"},"content":{"rendered":"\n<h2 class=\"wp-block-heading\">1. Introducci\u00f3n<\/h2>\n\n<p>El prop\u00f3sito de este documento es proporcionar una declaraci\u00f3n de pol\u00edtica concisa sobre las obligaciones de protecci\u00f3n de datos que se implementar\u00e1n en VERDELAGO \u2013 Sociedade Imobili\u00e1ria S.A., una sociedad con sede en Lisboa, en Avenida Engenheiro Duarte Pacheco, Torre 2, 15.o A, Amoreiras, debidamente constituida en la Oficina del Registro Mercantil con el n\u00famero de identificaci\u00f3n 501661964 (en adelante, \u201cVERDELAGO\u201d).<\/p>\n\n<p>Esta pol\u00edtica incluye las obligaciones de VERDELAGO con respecto al tratamiento de datos personales en el complejo tur\u00edstico \u201cVerdelago Resort\u201d, con el fin de garantizar el cumplimiento de los requisitos de la legislaci\u00f3n pertinente, desde la perspectiva de adaptar los esfuerzos a una realidad en continuo cambio, para abordar los riesgos m\u00e1s relevantes.<\/p>\n\n<h2 class=\"wp-block-heading\">2. Fundamentos<\/h2>\n\n<p>VERDELAGO debe cumplir con los principios de protecci\u00f3n de datos establecidos en la legislaci\u00f3n vigente.<\/p>\n\n<p>Esta pol\u00edtica se aplica a todas las operaciones de tratamiento de datos personales, incluida la recopilaci\u00f3n, el tratamiento y el almacenamiento por parte de VERDELAGO de datos personales pertenecientes a sus empleados, proveedores de servicios y clientes durante el curso de sus actividades.<\/p>\n\n<h2 class=\"wp-block-heading\">3. Alcance<\/h2>\n\n<p>La pol\u00edtica cubre todos los datos personales, incluidos los datos relativos a categor\u00edas especiales de datos personales, que son tratados en relaci\u00f3n con los interesados por VERDELAGO, como responsable o subcontratista del tratamiento.<\/p>\n\n<p>Esta pol\u00edtica tambi\u00e9n se aplica a los datos personales tratados manualmente, siempre que estos datos est\u00e9n incluidos en un archivo estructurado.<\/p>\n\n<p>Todos los datos personales relacionados con categor\u00edas especiales de datos personales ser\u00e1n tratados con especial cuidado por VERDELAGO. Ambas categor\u00edas se denominan igualmente <strong>\u201cDatos personales\u201d<\/strong> en esta pol\u00edtica, a menos que se indique lo contrario.<\/p>\n\n<h2 class=\"wp-block-heading\">4. Qui\u00e9n trata sus datos<\/h2>\n\n<p>En el curso de sus actividades diarias, VERDELAGO puede adquirir, tratar y almacenar datos personales.<\/p>\n\n<p>De acuerdo con la legislaci\u00f3n europea y portuguesa de protecci\u00f3n de datos, estos datos deben adquirirse y gestionarse de forma l\u00edcita, justa y transparente.<\/p>\n\n<p>VERDELAGO se compromete a garantizar que su equipo sea suficientemente consciente de las leyes y pr\u00e1cticas de protecci\u00f3n de datos, con el fin de poder anticipar e identificar cualquier problema de protecci\u00f3n de datos que pueda surgir.<\/p>\n\n<p>En estas circunstancias, el equipo debe asegurarse de que se informe al responsable del tratamiento, para que se puedan tomar las medidas correctoras apropiadas y necesarias, y para proteger los derechos, las libertades y las garant\u00edas de los interesados.<\/p>\n\n<p>VERDELAGO puede compartir datos personales de sus interesados con los encargados del tratamiento, siempre que sea necesario para la prestaci\u00f3n normal de los servicios.<\/p>\n\n<p>En cuanto a las obligaciones de VERDELAGO, el acceso de los encargados del tratamiento a los datos personales compartidos por VERDELAGO est\u00e1 regulado por el contrato celebrado con sus encargados del tratamiento.<\/p>\n\n<p>Por lo tanto, VERDELAGO garantiza contractualmente y verifica peri\u00f3dicamente que los encargados del tratamiento son entidades fiables que ofrecen garant\u00edas de protecci\u00f3n adecuadas y que no se les env\u00edan m\u00e1s datos de los necesarios para prestar el servicio contratado.<\/p>\n\n<p>Durante el curso de sus funciones como responsable del tratamiento, VERDELAGO tambi\u00e9n puede compartir los datos personales de sus interesados con otros responsables del tratamiento con el fin de realizar operaciones de tratamiento necesarias para prestar los servicios contratados.<\/p>\n\n<p>Dentro del alcance de la mencionada responsabilidad conjunta, VERDELAGO llega a un acuerdo con el otro responsable, en el que los fines y las responsabilidades se identifican claramente en cumplimiento de la legislaci\u00f3n aplicable en materia de protecci\u00f3n de datos, garantizando el cumplimiento de los derechos y las libertades de los interesados mediante el establecimiento de canales de comunicaci\u00f3n adecuados para responder a las solicitudes de los interesados.<\/p>\n\n<p>Independientemente de la relaci\u00f3n existente entre los destinatarios de los datos personales, VERDELAGO deber\u00e1 describir, mediante un contrato formal escrito, las obligaciones en materia de datos personales, el prop\u00f3sito espec\u00edfico o los prop\u00f3sitos de su participaci\u00f3n, y el entendimiento de que realizan operaciones de tratamiento de datos de acuerdo con la Ley portuguesa de protecci\u00f3n de datos.<\/p>\n\n<h2 class=\"wp-block-heading\">5. Sus datos pueden ser compartidos con los siguientes destinatarios:<\/h2>\n\n<ul class=\"wp-block-list\">\n<li>Proveedores de servicios de soporte digital, t\u00e9cnico y operativo;<\/li>\n\n\n\n<li>Blue &amp; Green \u2013 Servi\u00e7os e Gest\u00e3o S.A., como subcontratista y gestor del \u201cVerdelago Resort\u201d;<\/li>\n\n\n\n<li>Entidades relacionadas con, o con gesti\u00f3n com\u00fan con Blue &amp; Green \u2013 Servi\u00e7os e Gest\u00e3o S.A., que pertenece al Grupo B&amp;G; y;<\/li>\n\n\n\n<li>\u00d3rganos judiciales y \u00f3rganos de la Polic\u00eda Criminal y Autoridades Administrativas.<\/li>\n<\/ul>\n\n<h2 class=\"wp-block-heading\">6. Qu\u00e9 hacemos con sus datos:<\/h2>\n\n<p>Como responsable del tratamiento, VERDELAGO garantiza que todos los datos personales:<\/p>\n\n<ul class=\"wp-block-list\">\n<li>Se obtienen para fines espec\u00edficos, l\u00edcitos y claramente definidos. El interesado puede cuestionar el prop\u00f3sito o los prop\u00f3sitos para los cuales VERDELAGO recopila y mantiene los datos, y VERDELAGO debe indicar de forma clara y precisa cu\u00e1les son esos prop\u00f3sitos.\n<ul class=\"wp-block-list\">\n<li>Ser\u00e1n compatibles con los fines para los que se adquirieron los datos.<\/li>\n<\/ul>\n<\/li>\n\n\n\n<li>Se almacenar\u00e1n con medidas de seguridad apropiadas \u2013 implementadas o por implementar \u2013 para proteger los datos contra el acceso no autorizado, o contra la modificaci\u00f3n, la destrucci\u00f3n o la divulgaci\u00f3n de cualquier dato personal en poder de VERDELAGO como responsable del tratamiento.\n<ul class=\"wp-block-list\">\n<li>Se almacenar\u00e1n completos, precisos y actualizados seg\u00fan sea necesario.<\/li>\n<\/ul>\n<\/li>\n\n\n\n<li>Se recopilar\u00e1n de forma limitada y solo se almacenar\u00e1n durante el tiempo estrictamente necesario. No se recopilar\u00e1n ni tratar\u00e1n datos en exceso.<\/li>\n<\/ul>\n\n<p>Por lo tanto, VERDELAGO ha implementado un procedimiento para responder a las solicitudes de los interesados con el fin de gestionar de forma eficiente y apropiada dichas solicitudes dentro de los plazos establecidos en la legislaci\u00f3n.<\/p>\n\n<p>VERDELAGO ha implementado o est\u00e1 implementando los niveles disponibles de seguridad y protecci\u00f3n de datos personales, as\u00ed como medidas t\u00e9cnicas y organizativas para proteger contra la p\u00e9rdida, el uso indebido, el cambio o el acceso no autorizado de datos personales, as\u00ed como contra cualquier otra forma de tratamiento il\u00edcito.<\/p>\n\n<p>Todos los empleados de VERDELAGO tambi\u00e9n est\u00e1n sujetos a normas de confidencialidad.<\/p>\n\n<h2 class=\"wp-block-heading\">7. Fines y licitud de las operaciones de tratamiento:<\/h2>\n\n<ul class=\"wp-block-list\">\n<li><strong>Clientes<\/strong><\/li>\n<\/ul>\n\n<p>VERDELAGO trata los datos personales de sus clientes para garantizar el cumplimiento del acuerdo de servicio celebrado con los interesados o los responsables conjuntos del tratamiento (en relaci\u00f3n con los datos y los interesados que recopilan, como las contrapartes, los empleados y otros). Los datos personales identificados en este documento, que est\u00e1n sujetos a operaciones de tratamiento, son necesarios para la ejecuci\u00f3n de un contrato o para acuerdos precontractuales o para el cumplimiento de obligaciones legales, o en el caso de la comercializaci\u00f3n, los datos pueden estar sujetos a consentimiento.<\/p>\n\n<p>Los datos de categor\u00eda especial sobre los clientes, u obtenidos de los clientes, estar\u00e1n sujetos a operaciones de tratamiento apropiadas, en la medida en que los datos sean necesarios por razones importantes de inter\u00e9s p\u00fablico, como la prevenci\u00f3n del blanqueo de capitales y la financiaci\u00f3n del terrorismo.<\/p>\n\n<p>El tratamiento de datos personales pertenecientes a los clientes, u obtenidos de los clientes, que est\u00e9 relacionado con condenas e infracciones penales o con medidas de seguridad conexas, estar\u00e1 siempre sujeto a la protecci\u00f3n de los derechos y las libertades de los interesados, y las operaciones relativas a dichos datos se limitar\u00e1n estrictamente al cumplimiento de las obligaciones legales aplicables.<\/p>\n\n<ul class=\"wp-block-list\">\n<li><strong>Empleados<\/strong><\/li>\n<\/ul>\n\n<p>VERDELAGO trata los datos de sus empleados para hacer cumplir el contrato de trabajo. Los datos tratados son necesarios para hacer cumplir un contrato en el que el interesado es parte, o para fines de acuerdos precontractuales a petici\u00f3n del interesado.<\/p>\n\n<p>Los datos personales de los empleados tambi\u00e9n se recopilan y se tratan con el fin de cumplir con las obligaciones legales a las que est\u00e1 sujeto el responsable del tratamiento.<\/p>\n\n<p>Las operaciones relacionadas con el tratamiento de datos de categor\u00eda especial recopilados de los empleados son necesarias con el fin de cumplir con las obligaciones legales y ejercer los derechos espec\u00edficos del responsable del tratamiento o del interesado en t\u00e9rminos de legislaci\u00f3n laboral, de seguridad social y de protecci\u00f3n social, y tambi\u00e9n con el fin de la atenci\u00f3n sanitaria preventiva o en el trabajo, y para evaluar la capacidad de trabajo del empleado.<\/p>\n\n<p>El tratamiento de datos personales pertenecientes a los empleados, u obtenidos de los empleados, que est\u00e9 relacionado con condenas e infracciones penales o con medidas de seguridad conexas, estar\u00e1 siempre sujeto a la protecci\u00f3n de los derechos y<\/p>\n\n<p>las libertades de los interesados, y las operaciones relativas a dichos datos se limitar\u00e1n estrictamente al cumplimiento de las obligaciones legales aplicables.<\/p>\n\n<ul class=\"wp-block-list\">\n<li><strong>Proveedores de servicios<\/strong><\/li>\n<\/ul>\n\n<p>VERDELAGO trata los datos personales de sus proveedores de servicios para garantizar el cumplimiento del acuerdo de servicio celebrado con los interesados o los responsables conjuntos del tratamiento (en relaci\u00f3n con los datos y los interesados que recopilan, como las contrapartes, los empleados y otros). Los datos personales identificados en este documento, que est\u00e1n sujetos a operaciones de tratamiento, son necesarios para la ejecuci\u00f3n de un contrato o para acuerdos precontractuales o para el cumplimiento de obligaciones legales.<\/p>\n\n<p>Los datos de categor\u00eda especial sobre los proveedores de servicios u obtenidos de los proveedores de servicios estar\u00e1n sujetos a operaciones de tratamiento, en la medida en que los datos sean necesarios para declarar, ejercer o defender un derecho en un procedimiento judicial, o si el tratamiento es necesario con el fin de cumplir con las obligaciones y ejercer los derechos espec\u00edficos del responsable del tratamiento o del interesado en t\u00e9rminos de legislaci\u00f3n laboral, de seguridad social y de protecci\u00f3n social o si los datos son de inter\u00e9s p\u00fablico.<\/p>\n\n<p>El tratamiento de datos personales pertenecientes a los proveedores de servicios u obtenidos de los proveedores de servicios, que est\u00e9 relacionado con condenas e infracciones penales o con medidas de seguridad conexas, estar\u00e1 siempre sujeto a la protecci\u00f3n de los derechos y las libertades de los interesados, y las operaciones relativas a dichos datos se limitar\u00e1n estrictamente al cumplimiento de las obligaciones legales aplicables.<\/p>\n\n<h2 class=\"wp-block-heading\">8. Criterios para calcular los per\u00edodos de conservaci\u00f3n<\/h2>\n\n<p>VERDELAGO almacenar\u00e1 los datos personales durante el per\u00edodo que considere necesario y suficiente para los fines que motivan la recopilaci\u00f3n y el tratamiento de los datos. El tiempo de almacenamiento de los datos variar\u00e1 seg\u00fan el prop\u00f3sito para el que se traten los datos y seg\u00fan las normas legales que exijan el almacenamiento de los datos. Al final de este per\u00edodo, los datos se eliminar\u00e1n de conformidad con las garant\u00edas t\u00e9cnicas y operativas apropiadas, tal como se documenta en cada uno de los procesos pertinentes.<\/p>\n\n<h2 class=\"wp-block-heading\">9. Derecho de acceso y ejercicio de los derechos<\/h2>\n\n<p>Los interesados pueden ejercer sus derechos en virtud de la ley de protecci\u00f3n de datos aplicable escribiendo a la siguiente direcci\u00f3n de correo electr\u00f3nico: <strong>verdelago@dataprotection.pt<\/strong><\/p>\n\n<p>VERDELAGO tambi\u00e9n ha nombrado a un responsable de la protecci\u00f3n de datos, de acuerdo con las mejores pr\u00e1cticas en la materia, con quien se puede contactar en la siguiente direcci\u00f3n de correo electr\u00f3nico: <strong>verdelago@dataprotection.pt<\/strong><\/p>\n","protected":false},"excerpt":{"rendered":"<p>1. Introducci\u00f3n El prop\u00f3sito de este documento es proporcionar una declaraci\u00f3n de pol\u00edtica concisa sobre las obligaciones de protecci\u00f3n de datos que se implementar\u00e1n en VERDELAGO \u2013 Sociedade Imobili\u00e1ria S.A., una sociedad con sede en Lisboa, en Avenida Engenheiro Duarte Pacheco, Torre 2, 15.o A, Amoreiras, debidamente constituida en la Oficina del Registro Mercantil con [&hellip;]<\/p>\n","protected":false},"author":1,"featured_media":0,"parent":0,"menu_order":0,"comment_status":"closed","ping_status":"closed","template":"page-policy.php","meta":{"_acf_changed":false,"footnotes":""},"class_list":["post-4211","page","type-page","status-publish","hentry"],"acf":[],"yoast_head":"<!-- This site is optimized with the Yoast SEO plugin v27.0 - https:\/\/yoast.com\/product\/yoast-seo-wordpress\/ -->\n<title>Verdelago | Pol\u00edtica de privacidad<\/title>\n<meta name=\"robots\" content=\"index, follow, max-snippet:-1, max-image-preview:large, max-video-preview:-1\" \/>\n<link rel=\"canonical\" href=\"https:\/\/verdelago.com\/es\/politica-de-privacidad\/\" \/>\n<meta property=\"og:locale\" content=\"es_ES\" \/>\n<meta property=\"og:type\" content=\"article\" \/>\n<meta property=\"og:title\" content=\"Verdelago | Pol\u00edtica de privacidad\" \/>\n<meta property=\"og:description\" content=\"1. Introducci\u00f3n El prop\u00f3sito de este documento es proporcionar una declaraci\u00f3n de pol\u00edtica concisa sobre las obligaciones de protecci\u00f3n de datos que se implementar\u00e1n en VERDELAGO \u2013 Sociedade Imobili\u00e1ria S.A., una sociedad con sede en Lisboa, en Avenida Engenheiro Duarte Pacheco, Torre 2, 15.o A, Amoreiras, debidamente constituida en la Oficina del Registro Mercantil con [&hellip;]\" \/>\n<meta property=\"og:url\" content=\"https:\/\/verdelago.com\/es\/politica-de-privacidad\/\" \/>\n<meta property=\"og:site_name\" content=\"Verdelago\" \/>\n<meta property=\"article:modified_time\" content=\"2026-01-28T12:09:59+00:00\" \/>\n<meta name=\"twitter:card\" content=\"summary_large_image\" \/>\n<meta name=\"twitter:label1\" content=\"Est. reading time\" \/>\n\t<meta name=\"twitter:data1\" content=\"9 minutes\" \/>\n<script type=\"application\/ld+json\" class=\"yoast-schema-graph\">{\"@context\":\"https:\/\/schema.org\",\"@graph\":[{\"@type\":\"WebPage\",\"@id\":\"https:\/\/verdelago.com\/es\/politica-de-privacidad\/\",\"url\":\"https:\/\/verdelago.com\/es\/politica-de-privacidad\/\",\"name\":\"Verdelago | Pol\u00edtica de privacidad\",\"isPartOf\":{\"@id\":\"https:\/\/verdelago.com\/#website\"},\"datePublished\":\"2026-01-13T11:11:53+00:00\",\"dateModified\":\"2026-01-28T12:09:59+00:00\",\"breadcrumb\":{\"@id\":\"https:\/\/verdelago.com\/es\/politica-de-privacidad\/#breadcrumb\"},\"inLanguage\":\"ES\",\"potentialAction\":[{\"@type\":\"ReadAction\",\"target\":[\"https:\/\/verdelago.com\/es\/politica-de-privacidad\/\"]}]},{\"@type\":\"BreadcrumbList\",\"@id\":\"https:\/\/verdelago.com\/es\/politica-de-privacidad\/#breadcrumb\",\"itemListElement\":[{\"@type\":\"ListItem\",\"position\":1,\"name\":\"Home\",\"item\":\"https:\/\/verdelago.com\/es\/\"},{\"@type\":\"ListItem\",\"position\":2,\"name\":\"Pol\u00edtica de privacidad\"}]},{\"@type\":\"WebSite\",\"@id\":\"https:\/\/verdelago.com\/#website\",\"url\":\"https:\/\/verdelago.com\/\",\"name\":\"Verdelago\",\"description\":\"Um resort de luxo onde o mar e a natureza se cruzam no sotavento algarvio. A sua nova casa na praia. Uma oportunidade \u00fanica para uma nova experi\u00eancia de vida.\",\"publisher\":{\"@id\":\"https:\/\/verdelago.com\/#organization\"},\"potentialAction\":[{\"@type\":\"SearchAction\",\"target\":{\"@type\":\"EntryPoint\",\"urlTemplate\":\"https:\/\/verdelago.com\/?s={search_term_string}\"},\"query-input\":{\"@type\":\"PropertyValueSpecification\",\"valueRequired\":true,\"valueName\":\"search_term_string\"}}],\"inLanguage\":\"ES\"},{\"@type\":\"Organization\",\"@id\":\"https:\/\/verdelago.com\/#organization\",\"name\":\"Verdelago\",\"url\":\"https:\/\/verdelago.com\/\",\"logo\":{\"@type\":\"ImageObject\",\"inLanguage\":\"ES\",\"@id\":\"https:\/\/verdelago.com\/#\/schema\/logo\/image\/\",\"url\":\"https:\/\/verdelago.com\/wp-content\/uploads\/2026\/02\/VerdeLago-Logo.png\",\"contentUrl\":\"https:\/\/verdelago.com\/wp-content\/uploads\/2026\/02\/VerdeLago-Logo.png\",\"width\":32,\"height\":32,\"caption\":\"Verdelago\"},\"image\":{\"@id\":\"https:\/\/verdelago.com\/#\/schema\/logo\/image\/\"}}]}<\/script>\n<!-- \/ Yoast SEO plugin. -->","yoast_head_json":{"title":"Verdelago | Pol\u00edtica de privacidad","robots":{"index":"index","follow":"follow","max-snippet":"max-snippet:-1","max-image-preview":"max-image-preview:large","max-video-preview":"max-video-preview:-1"},"canonical":"https:\/\/verdelago.com\/es\/politica-de-privacidad\/","og_locale":"es_ES","og_type":"article","og_title":"Verdelago | Pol\u00edtica de privacidad","og_description":"1. Introducci\u00f3n El prop\u00f3sito de este documento es proporcionar una declaraci\u00f3n de pol\u00edtica concisa sobre las obligaciones de protecci\u00f3n de datos que se implementar\u00e1n en VERDELAGO \u2013 Sociedade Imobili\u00e1ria S.A., una sociedad con sede en Lisboa, en Avenida Engenheiro Duarte Pacheco, Torre 2, 15.o A, Amoreiras, debidamente constituida en la Oficina del Registro Mercantil con [&hellip;]","og_url":"https:\/\/verdelago.com\/es\/politica-de-privacidad\/","og_site_name":"Verdelago","article_modified_time":"2026-01-28T12:09:59+00:00","twitter_card":"summary_large_image","twitter_misc":{"Est. reading time":"9 minutes"},"schema":{"@context":"https:\/\/schema.org","@graph":[{"@type":"WebPage","@id":"https:\/\/verdelago.com\/es\/politica-de-privacidad\/","url":"https:\/\/verdelago.com\/es\/politica-de-privacidad\/","name":"Verdelago | Pol\u00edtica de privacidad","isPartOf":{"@id":"https:\/\/verdelago.com\/#website"},"datePublished":"2026-01-13T11:11:53+00:00","dateModified":"2026-01-28T12:09:59+00:00","breadcrumb":{"@id":"https:\/\/verdelago.com\/es\/politica-de-privacidad\/#breadcrumb"},"inLanguage":"ES","potentialAction":[{"@type":"ReadAction","target":["https:\/\/verdelago.com\/es\/politica-de-privacidad\/"]}]},{"@type":"BreadcrumbList","@id":"https:\/\/verdelago.com\/es\/politica-de-privacidad\/#breadcrumb","itemListElement":[{"@type":"ListItem","position":1,"name":"Home","item":"https:\/\/verdelago.com\/es\/"},{"@type":"ListItem","position":2,"name":"Pol\u00edtica de privacidad"}]},{"@type":"WebSite","@id":"https:\/\/verdelago.com\/#website","url":"https:\/\/verdelago.com\/","name":"Verdelago","description":"Um resort de luxo onde o mar e a natureza se cruzam no sotavento algarvio. A sua nova casa na praia. Uma oportunidade \u00fanica para uma nova experi\u00eancia de vida.","publisher":{"@id":"https:\/\/verdelago.com\/#organization"},"potentialAction":[{"@type":"SearchAction","target":{"@type":"EntryPoint","urlTemplate":"https:\/\/verdelago.com\/?s={search_term_string}"},"query-input":{"@type":"PropertyValueSpecification","valueRequired":true,"valueName":"search_term_string"}}],"inLanguage":"ES"},{"@type":"Organization","@id":"https:\/\/verdelago.com\/#organization","name":"Verdelago","url":"https:\/\/verdelago.com\/","logo":{"@type":"ImageObject","inLanguage":"ES","@id":"https:\/\/verdelago.com\/#\/schema\/logo\/image\/","url":"https:\/\/verdelago.com\/wp-content\/uploads\/2026\/02\/VerdeLago-Logo.png","contentUrl":"https:\/\/verdelago.com\/wp-content\/uploads\/2026\/02\/VerdeLago-Logo.png","width":32,"height":32,"caption":"Verdelago"},"image":{"@id":"https:\/\/verdelago.com\/#\/schema\/logo\/image\/"}}]}},"_links":{"self":[{"href":"https:\/\/verdelago.com\/es\/wp-json\/wp\/v2\/pages\/4211","targetHints":{"allow":["GET"]}}],"collection":[{"href":"https:\/\/verdelago.com\/es\/wp-json\/wp\/v2\/pages"}],"about":[{"href":"https:\/\/verdelago.com\/es\/wp-json\/wp\/v2\/types\/page"}],"author":[{"embeddable":true,"href":"https:\/\/verdelago.com\/es\/wp-json\/wp\/v2\/users\/1"}],"replies":[{"embeddable":true,"href":"https:\/\/verdelago.com\/es\/wp-json\/wp\/v2\/comments?post=4211"}],"version-history":[{"count":1,"href":"https:\/\/verdelago.com\/es\/wp-json\/wp\/v2\/pages\/4211\/revisions"}],"predecessor-version":[{"id":4212,"href":"https:\/\/verdelago.com\/es\/wp-json\/wp\/v2\/pages\/4211\/revisions\/4212"}],"wp:attachment":[{"href":"https:\/\/verdelago.com\/es\/wp-json\/wp\/v2\/media?parent=4211"}],"curies":[{"name":"wp","href":"https:\/\/api.w.org\/{rel}","templated":true}]}}